{"id":2954,"date":"2025-07-20T00:25:26","date_gmt":"2025-07-19T23:25:26","guid":{"rendered":"https:\/\/rinoplastica.es\/?page_id=2954"},"modified":"2026-01-29T17:19:39","modified_gmt":"2026-01-29T16:19:39","slug":"legal","status":"publish","type":"page","link":"https:\/\/rinoplastica.es\/en\/legal\/","title":{"rendered":"Aviso Legal"},"content":{"rendered":"<style>.kb-row-layout-id2954_f6370a-a7 > .kt-row-column-wrap{align-content:start;}:where(.kb-row-layout-id2954_f6370a-a7 > .kt-row-column-wrap) > .wp-block-kadence-column{justify-content:start;}.kb-row-layout-id2954_f6370a-a7 > .kt-row-column-wrap{column-gap:var(--global-kb-gap-md, 2rem);row-gap:var(--global-kb-gap-md, 2rem);padding-top:var(--global-kb-spacing-lg, 3rem);padding-bottom:var(--global-kb-spacing-xl, 4rem);grid-template-columns:minmax(0, 1fr);}.kb-row-layout-id2954_f6370a-a7 > .kt-row-layout-overlay{opacity:0.30;}@media all and (max-width: 1024px){.kb-row-layout-id2954_f6370a-a7 > .kt-row-column-wrap{grid-template-columns:minmax(0, 1fr);}}@media all and (max-width: 767px){.kb-row-layout-id2954_f6370a-a7 > .kt-row-column-wrap{grid-template-columns:minmax(0, 1fr);}}<\/style><div class=\"kb-row-layout-wrap kb-row-layout-id2954_f6370a-a7 alignnone has-theme-palette8-background-color kt-row-has-bg wp-block-kadence-rowlayout\"><div class=\"kt-row-column-wrap kt-has-1-columns kt-row-layout-equal kt-tab-layout-inherit kt-mobile-layout-row kt-row-valign-top\">\n<style>.kadence-column2954_2bf3f8-b4 > .kt-inside-inner-col,.kadence-column2954_2bf3f8-b4 > .kt-inside-inner-col:before{border-top-left-radius:0px;border-top-right-radius:0px;border-bottom-right-radius:0px;border-bottom-left-radius:0px;}.kadence-column2954_2bf3f8-b4 > .kt-inside-inner-col{column-gap:var(--global-kb-gap-sm, 1rem);}.kadence-column2954_2bf3f8-b4 > .kt-inside-inner-col{flex-direction:column;}.kadence-column2954_2bf3f8-b4 > .kt-inside-inner-col > .aligncenter{width:100%;}.kadence-column2954_2bf3f8-b4 > .kt-inside-inner-col:before{opacity:0.3;}.kadence-column2954_2bf3f8-b4{position:relative;}@media all and (max-width: 1024px){.kadence-column2954_2bf3f8-b4 > .kt-inside-inner-col{flex-direction:column;justify-content:center;}}@media all and (max-width: 767px){.kadence-column2954_2bf3f8-b4 > .kt-inside-inner-col{flex-direction:column;justify-content:center;}}<\/style>\n<div class=\"wp-block-kadence-column kadence-column2954_2bf3f8-b4\"><div class=\"kt-inside-inner-col\"><style>.wp-block-kadence-advancedheading.kt-adv-heading2954_d228ec-e7, .wp-block-kadence-advancedheading.kt-adv-heading2954_d228ec-e7[data-kb-block=\"kb-adv-heading2954_d228ec-e7\"]{text-align:center;font-size:var(--global-kb-font-size-xl, 3rem);font-style:normal;font-family:var( --global-heading-font-family, inherit );}.wp-block-kadence-advancedheading.kt-adv-heading2954_d228ec-e7 mark.kt-highlight, .wp-block-kadence-advancedheading.kt-adv-heading2954_d228ec-e7[data-kb-block=\"kb-adv-heading2954_d228ec-e7\"] mark.kt-highlight{font-style:normal;color:#f76a0c;-webkit-box-decoration-break:clone;box-decoration-break:clone;padding-top:0px;padding-right:0px;padding-bottom:0px;padding-left:0px;}.wp-block-kadence-advancedheading.kt-adv-heading2954_d228ec-e7 img.kb-inline-image, .wp-block-kadence-advancedheading.kt-adv-heading2954_d228ec-e7[data-kb-block=\"kb-adv-heading2954_d228ec-e7\"] img.kb-inline-image{width:150px;vertical-align:baseline;}<\/style>\n<h1 class=\"kt-adv-heading2954_d228ec-e7 wp-block-kadence-advancedheading\" data-kb-block=\"kb-adv-heading2954_d228ec-e7\">Aviso legal<\/h1>\n\n\n\n<p><\/p>\n\n\n<style>.wp-block-kadence-advancedheading.kt-adv-heading2954_2542fd-23, .wp-block-kadence-advancedheading.kt-adv-heading2954_2542fd-23[data-kb-block=\"kb-adv-heading2954_2542fd-23\"]{font-size:17px;font-style:normal;font-family:var( --global-body-font-family, inherit );}.wp-block-kadence-advancedheading.kt-adv-heading2954_2542fd-23 mark.kt-highlight, .wp-block-kadence-advancedheading.kt-adv-heading2954_2542fd-23[data-kb-block=\"kb-adv-heading2954_2542fd-23\"] mark.kt-highlight{font-style:normal;color:#f76a0c;-webkit-box-decoration-break:clone;box-decoration-break:clone;padding-top:0px;padding-right:0px;padding-bottom:0px;padding-left:0px;}.wp-block-kadence-advancedheading.kt-adv-heading2954_2542fd-23 img.kb-inline-image, .wp-block-kadence-advancedheading.kt-adv-heading2954_2542fd-23[data-kb-block=\"kb-adv-heading2954_2542fd-23\"] img.kb-inline-image{width:150px;vertical-align:baseline;}<\/style>\n<h2 class=\"kt-adv-heading2954_2542fd-23 wp-block-kadence-advancedheading\" data-kb-block=\"kb-adv-heading2954_2542fd-23\"><strong>Identificaci\u00f3n del responsable<\/strong><br>En cumplimiento de la Ley 34\/2002, de Servicios de la Sociedad de la Informaci\u00f3n y Comercio Electr\u00f3nico (LSSI-CE), se informa que:<br>&nbsp;<br>Titular del sitio web: C\u00e9sar David Garc\u00eda Garza<br>NIF: Y3466759Y<br>Direcci\u00f3n profesional: Cam\u00ed de la Vileta 30, 07011 Palma de Mallorca, Espa\u00f1a<br>Correo electr\u00f3nico:&nbsp;info@rinoplastica.es<br>&nbsp;<br><strong>Condiciones de uso<\/strong><br>El acceso y\/o uso de este sitio web atribuye la condici\u00f3n de usuario, que acepta estas condiciones generales de uso.<br>El usuario se compromete a hacer un uso adecuado de los contenidos y servicios ofrecidos en&nbsp;rinoplastica.es&nbsp;y a no emplearlos para actividades il\u00edcitas o contrarias a la buena fe.<br>&nbsp;<br><strong>Propiedad intelectual e industrial<\/strong><br>Todos los contenidos del sitio web, incluyendo textos, im\u00e1genes, dise\u00f1os, logotipos y c\u00f3digo fuente, son propiedad de C\u00e9sar David Garc\u00eda Garza o de terceros que han permitido su uso.<br>Queda prohibida la reproducci\u00f3n total o parcial sin autorizaci\u00f3n expresa.<br>&nbsp;<br><strong>Exclusi\u00f3n de responsabilidad<\/strong><br>Rinoplastica.es no se hace responsable de los da\u00f1os o perjuicios derivados del acceso, uso o la imposibilidad de uso de este sitio web, ni de la veracidad o integridad de los contenidos.<br>&nbsp;<br><strong>Legislaci\u00f3n aplicable<\/strong><br>Estas condiciones se rigen por la legislaci\u00f3n espa\u00f1ola. Para cualquier disputa que pudiera derivarse del uso de&nbsp;rinoplastica.es, las partes se someten a los tribunales competentes de Palma de Mallorca.<br>&nbsp;<\/h2>\n<\/div><\/div>\n\n<\/div><\/div>","protected":false},"excerpt":{"rendered":"<p>Aviso legal Identificaci\u00f3n del responsableEn cumplimiento de la Ley 34\/2002, de Servicios de la Sociedad de la Informaci\u00f3n y Comercio Electr\u00f3nico (LSSI-CE), se informa que:&nbsp;Titular del sitio web: C\u00e9sar David Garc\u00eda GarzaNIF: Y3466759YDirecci\u00f3n profesional: Cam\u00ed de la Vileta 30, 07011 Palma de Mallorca, Espa\u00f1aCorreo electr\u00f3nico:&nbsp;info@rinoplastica.es&nbsp;Condiciones de usoEl acceso y\/o uso de este sitio web atribuye&#8230;<\/p>","protected":false},"author":1,"featured_media":0,"parent":0,"menu_order":0,"comment_status":"closed","ping_status":"closed","template":"","meta":{"_kadence_starter_templates_imported_post":false,"_kad_post_transparent":"","_kad_post_title":"","_kad_post_layout":"fullwidth","_kad_post_sidebar_id":"","_kad_post_content_style":"boxed","_kad_post_vertical_padding":"","_kad_post_feature":"","_kad_post_feature_position":"","_kad_post_header":false,"_kad_post_footer":false,"_kad_post_classname":"","footnotes":""},"class_list":["post-2954","page","type-page","status-publish","hentry"],"_links":{"self":[{"href":"https:\/\/rinoplastica.es\/en\/wp-json\/wp\/v2\/pages\/2954","targetHints":{"allow":["GET"]}}],"collection":[{"href":"https:\/\/rinoplastica.es\/en\/wp-json\/wp\/v2\/pages"}],"about":[{"href":"https:\/\/rinoplastica.es\/en\/wp-json\/wp\/v2\/types\/page"}],"author":[{"embeddable":true,"href":"https:\/\/rinoplastica.es\/en\/wp-json\/wp\/v2\/users\/1"}],"replies":[{"embeddable":true,"href":"https:\/\/rinoplastica.es\/en\/wp-json\/wp\/v2\/comments?post=2954"}],"version-history":[{"count":5,"href":"https:\/\/rinoplastica.es\/en\/wp-json\/wp\/v2\/pages\/2954\/revisions"}],"predecessor-version":[{"id":2967,"href":"https:\/\/rinoplastica.es\/en\/wp-json\/wp\/v2\/pages\/2954\/revisions\/2967"}],"wp:attachment":[{"href":"https:\/\/rinoplastica.es\/en\/wp-json\/wp\/v2\/media?parent=2954"}],"curies":[{"name":"wp","href":"https:\/\/api.w.org\/{rel}","templated":true}]}}