{"id":2947,"date":"2025-07-20T00:11:36","date_gmt":"2025-07-19T23:11:36","guid":{"rendered":"https:\/\/rinoplastica.es\/?page_id=2947"},"modified":"2026-02-20T11:44:20","modified_gmt":"2026-02-20T10:44:20","slug":"cookies","status":"publish","type":"page","link":"https:\/\/rinoplastica.es\/en\/cookies\/","title":{"rendered":"Cookies"},"content":{"rendered":"<style>.kb-row-layout-id2947_4c47f1-bf > .kt-row-column-wrap{align-content:start;}:where(.kb-row-layout-id2947_4c47f1-bf > .kt-row-column-wrap) > .wp-block-kadence-column{justify-content:start;}.kb-row-layout-id2947_4c47f1-bf > .kt-row-column-wrap{column-gap:var(--global-kb-gap-md, 2rem);row-gap:var(--global-kb-gap-md, 2rem);padding-top:var(--global-kb-spacing-xxl, 5rem);padding-bottom:var(--global-kb-spacing-xl, 4rem);grid-template-columns:minmax(0, 1fr);}.kb-row-layout-id2947_4c47f1-bf > .kt-row-layout-overlay{opacity:0.30;}@media all and (max-width: 1024px){.kb-row-layout-id2947_4c47f1-bf > .kt-row-column-wrap{grid-template-columns:minmax(0, 1fr);}}@media all and (max-width: 767px){.kb-row-layout-id2947_4c47f1-bf > .kt-row-column-wrap{padding-top:var(--global-kb-spacing-lg, 3rem);grid-template-columns:minmax(0, 1fr);}}<\/style><div class=\"kb-row-layout-wrap kb-row-layout-id2947_4c47f1-bf alignnone has-theme-palette8-background-color kt-row-has-bg wp-block-kadence-rowlayout\"><div class=\"kt-row-column-wrap kt-has-1-columns kt-row-layout-equal kt-tab-layout-inherit kt-mobile-layout-row kt-row-valign-top\">\n<style>.kadence-column2947_f2c689-51 > .kt-inside-inner-col,.kadence-column2947_f2c689-51 > .kt-inside-inner-col:before{border-top-left-radius:0px;border-top-right-radius:0px;border-bottom-right-radius:0px;border-bottom-left-radius:0px;}.kadence-column2947_f2c689-51 > .kt-inside-inner-col{column-gap:var(--global-kb-gap-sm, 1rem);}.kadence-column2947_f2c689-51 > .kt-inside-inner-col{flex-direction:column;}.kadence-column2947_f2c689-51 > .kt-inside-inner-col > .aligncenter{width:100%;}.kadence-column2947_f2c689-51 > .kt-inside-inner-col:before{opacity:0.3;}.kadence-column2947_f2c689-51{position:relative;}@media all and (max-width: 1024px){.kadence-column2947_f2c689-51 > .kt-inside-inner-col{flex-direction:column;justify-content:center;}}@media all and (max-width: 767px){.kadence-column2947_f2c689-51 > .kt-inside-inner-col{flex-direction:column;justify-content:center;}}<\/style>\n<div class=\"wp-block-kadence-column kadence-column2947_f2c689-51\"><div class=\"kt-inside-inner-col\"><style>.wp-block-kadence-advancedheading.kt-adv-heading2947_b212ed-5c, .wp-block-kadence-advancedheading.kt-adv-heading2947_b212ed-5c[data-kb-block=\"kb-adv-heading2947_b212ed-5c\"]{text-align:center;font-size:var(--global-kb-font-size-xl, 3rem);font-style:normal;}.wp-block-kadence-advancedheading.kt-adv-heading2947_b212ed-5c mark.kt-highlight, .wp-block-kadence-advancedheading.kt-adv-heading2947_b212ed-5c[data-kb-block=\"kb-adv-heading2947_b212ed-5c\"] mark.kt-highlight{font-style:normal;color:#f76a0c;-webkit-box-decoration-break:clone;box-decoration-break:clone;padding-top:0px;padding-right:0px;padding-bottom:0px;padding-left:0px;}.wp-block-kadence-advancedheading.kt-adv-heading2947_b212ed-5c img.kb-inline-image, .wp-block-kadence-advancedheading.kt-adv-heading2947_b212ed-5c[data-kb-block=\"kb-adv-heading2947_b212ed-5c\"] img.kb-inline-image{width:150px;vertical-align:baseline;}<\/style>\n<h4 class=\"kt-adv-heading2947_b212ed-5c wp-block-kadence-advancedheading\" data-kb-block=\"kb-adv-heading2947_b212ed-5c\">Uso de Cookies<\/h4>\n\n\n<style>.wp-block-kadence-advancedheading.kt-adv-heading2947_dd8503-a2, .wp-block-kadence-advancedheading.kt-adv-heading2947_dd8503-a2[data-kb-block=\"kb-adv-heading2947_dd8503-a2\"]{font-size:17px;line-height:1.5;font-style:normal;font-family:var( --global-body-font-family, inherit );}.wp-block-kadence-advancedheading.kt-adv-heading2947_dd8503-a2 mark.kt-highlight, .wp-block-kadence-advancedheading.kt-adv-heading2947_dd8503-a2[data-kb-block=\"kb-adv-heading2947_dd8503-a2\"] mark.kt-highlight{font-style:normal;color:#f76a0c;-webkit-box-decoration-break:clone;box-decoration-break:clone;padding-top:0px;padding-right:0px;padding-bottom:0px;padding-left:0px;}.wp-block-kadence-advancedheading.kt-adv-heading2947_dd8503-a2 img.kb-inline-image, .wp-block-kadence-advancedheading.kt-adv-heading2947_dd8503-a2[data-kb-block=\"kb-adv-heading2947_dd8503-a2\"] img.kb-inline-image{width:150px;vertical-align:baseline;}<\/style>\n<h2 class=\"kt-adv-heading2947_dd8503-a2 wp-block-kadence-advancedheading\" data-kb-block=\"kb-adv-heading2947_dd8503-a2\"><br>En&nbsp;Rinoplastica.es&nbsp;utilizamos cookies propias y de terceros para mejorar tu experiencia, analizar el uso del sitio y mostrar contenidos personalizados.<br>&nbsp;<br><strong>\u00bfQu\u00e9 son las cookies?<\/strong><br>Las cookies son peque\u00f1os archivos que se descargan en tu dispositivo al acceder a ciertas p\u00e1ginas web. Permiten que la web recuerde tus acciones y preferencias (como el idioma o datos de sesi\u00f3n) durante un tiempo, para que no tengas que volver a configurarlos cada vez que vuelves.<br>&nbsp;<br><strong>\u00bfQu\u00e9 tipos de cookies utilizamos?<\/strong><br>Cookies t\u00e9cnicas: Son esenciales para el funcionamiento b\u00e1sico de la web (por ejemplo, navegaci\u00f3n y acceso a \u00e1reas seguras).<br>Cookies anal\u00edticas: Nos permiten analizar c\u00f3mo interact\u00faas con la web para mejorarla. Usamos herramientas como Google Analytics.<br>Cookies de terceros: Servicios externos que pueden instalar cookies para ofrecer funciones adicionales (como mapas, v\u00eddeos o redes sociales).<br>&nbsp;<br><strong>\u00bfC\u00f3mo gestionar o eliminar las cookies?<\/strong><br>Puedes permitir, bloquear o eliminar las cookies instaladas en tu equipo mediante la configuraci\u00f3n de las opciones del navegador:<br>Google Chrome<br>Mozilla Firefox<br>Microsoft Edge<br>Safari<br>&nbsp;<br><strong>Consentimiento<\/strong><br>Al continuar navegando por&nbsp;rinoplastica.es&nbsp;y hacer uso de sus servicios, aceptas el uso de cookies. Si deseas configurarlas o rechazar su uso, utiliza el panel de configuraci\u00f3n de cookies que encontrar\u00e1s en la web.<\/h2>\n<\/div><\/div>\n\n<\/div><\/div>","protected":false},"excerpt":{"rendered":"<p>Uso de Cookies En&nbsp;Rinoplastica.es&nbsp;utilizamos cookies propias y de terceros para mejorar tu experiencia, analizar el uso del sitio y mostrar contenidos personalizados.&nbsp;\u00bfQu\u00e9 son las cookies?Las cookies son peque\u00f1os archivos que se descargan en tu dispositivo al acceder a ciertas p\u00e1ginas web. Permiten que la web recuerde tus acciones y preferencias (como el idioma o datos&#8230;<\/p>","protected":false},"author":1,"featured_media":0,"parent":0,"menu_order":0,"comment_status":"closed","ping_status":"closed","template":"","meta":{"_kadence_starter_templates_imported_post":false,"_kad_post_transparent":"","_kad_post_title":"","_kad_post_layout":"fullwidth","_kad_post_sidebar_id":"","_kad_post_content_style":"boxed","_kad_post_vertical_padding":"","_kad_post_feature":"","_kad_post_feature_position":"","_kad_post_header":false,"_kad_post_footer":false,"_kad_post_classname":"","footnotes":""},"class_list":["post-2947","page","type-page","status-publish","hentry"],"_links":{"self":[{"href":"https:\/\/rinoplastica.es\/en\/wp-json\/wp\/v2\/pages\/2947","targetHints":{"allow":["GET"]}}],"collection":[{"href":"https:\/\/rinoplastica.es\/en\/wp-json\/wp\/v2\/pages"}],"about":[{"href":"https:\/\/rinoplastica.es\/en\/wp-json\/wp\/v2\/types\/page"}],"author":[{"embeddable":true,"href":"https:\/\/rinoplastica.es\/en\/wp-json\/wp\/v2\/users\/1"}],"replies":[{"embeddable":true,"href":"https:\/\/rinoplastica.es\/en\/wp-json\/wp\/v2\/comments?post=2947"}],"version-history":[{"count":7,"href":"https:\/\/rinoplastica.es\/en\/wp-json\/wp\/v2\/pages\/2947\/revisions"}],"predecessor-version":[{"id":2966,"href":"https:\/\/rinoplastica.es\/en\/wp-json\/wp\/v2\/pages\/2947\/revisions\/2966"}],"wp:attachment":[{"href":"https:\/\/rinoplastica.es\/en\/wp-json\/wp\/v2\/media?parent=2947"}],"curies":[{"name":"wp","href":"https:\/\/api.w.org\/{rel}","templated":true}]}}