{"id":2815,"date":"2025-07-19T19:28:29","date_gmt":"2025-07-19T18:28:29","guid":{"rendered":"https:\/\/rinoplastica.es\/?page_id=2815"},"modified":"2026-01-29T17:20:28","modified_gmt":"2026-01-29T16:20:28","slug":"privacidad","status":"publish","type":"page","link":"https:\/\/rinoplastica.es\/en\/privacidad\/","title":{"rendered":"Privacy Policy"},"content":{"rendered":"<style>.kb-row-layout-id2815_83e3bd-63 > .kt-row-column-wrap{align-content:start;}:where(.kb-row-layout-id2815_83e3bd-63 > .kt-row-column-wrap) > .wp-block-kadence-column{justify-content:start;}.kb-row-layout-id2815_83e3bd-63 > .kt-row-column-wrap{column-gap:var(--global-kb-gap-md, 2rem);row-gap:var(--global-kb-gap-md, 2rem);max-width:var( --global-content-width, 1290px );padding-left:var(--global-content-edge-padding);padding-right:var(--global-content-edge-padding);padding-top:var(--global-kb-spacing-xxl, 5rem);padding-bottom:var(--global-kb-spacing-xl, 4rem);grid-template-columns:minmax(0, 1fr);}.kb-row-layout-id2815_83e3bd-63 > .kt-row-layout-overlay{opacity:0.30;}@media all and (max-width: 1024px){.kb-row-layout-id2815_83e3bd-63 > .kt-row-column-wrap{grid-template-columns:minmax(0, 1fr);}}@media all and (max-width: 767px){.kb-row-layout-id2815_83e3bd-63 > .kt-row-column-wrap{padding-top:var(--global-kb-spacing-lg, 3rem);padding-bottom:var(--global-kb-spacing-md, 2rem);grid-template-columns:minmax(0, 1fr);}}<\/style><div class=\"kb-row-layout-wrap kb-row-layout-id2815_83e3bd-63 alignnone has-theme-palette8-background-color kt-row-has-bg wp-block-kadence-rowlayout\"><div class=\"kt-row-column-wrap kt-has-1-columns kt-row-layout-equal kt-tab-layout-inherit kt-mobile-layout-row kt-row-valign-top kb-theme-content-width\">\n<style>.kadence-column2815_778870-1b > .kt-inside-inner-col,.kadence-column2815_778870-1b > .kt-inside-inner-col:before{border-top-left-radius:0px;border-top-right-radius:0px;border-bottom-right-radius:0px;border-bottom-left-radius:0px;}.kadence-column2815_778870-1b > .kt-inside-inner-col{column-gap:var(--global-kb-gap-sm, 1rem);}.kadence-column2815_778870-1b > .kt-inside-inner-col{flex-direction:column;}.kadence-column2815_778870-1b > .kt-inside-inner-col > .aligncenter{width:100%;}.kadence-column2815_778870-1b > .kt-inside-inner-col:before{opacity:0.3;}.kadence-column2815_778870-1b{position:relative;}@media all and (max-width: 1024px){.kadence-column2815_778870-1b > .kt-inside-inner-col{flex-direction:column;justify-content:center;}}@media all and (max-width: 767px){.kadence-column2815_778870-1b > .kt-inside-inner-col{flex-direction:column;justify-content:center;}}<\/style>\n<div class=\"wp-block-kadence-column kadence-column2815_778870-1b inner-column-1\"><div class=\"kt-inside-inner-col\"><style>.kb-row-layout-id2815_9f3301-cf > .kt-row-column-wrap{align-content:start;}:where(.kb-row-layout-id2815_9f3301-cf > .kt-row-column-wrap) > .wp-block-kadence-column{justify-content:start;}.kb-row-layout-id2815_9f3301-cf > .kt-row-column-wrap{column-gap:var(--global-kb-gap-md, 2rem);row-gap:var(--global-kb-gap-md, 2rem);max-width:var( --global-content-width, 1290px );padding-left:var(--global-content-edge-padding);padding-right:var(--global-content-edge-padding);padding-top:0px;padding-bottom:0px;grid-template-columns:minmax(0, 1fr);}.kb-row-layout-id2815_9f3301-cf > .kt-row-layout-overlay{opacity:0.30;}@media all and (max-width: 1024px){.kb-row-layout-id2815_9f3301-cf > .kt-row-column-wrap{grid-template-columns:minmax(0, 1fr);}}@media all and (max-width: 767px){.kb-row-layout-id2815_9f3301-cf > .kt-row-column-wrap{grid-template-columns:minmax(0, 1fr);}}<\/style><div class=\"kb-row-layout-wrap kb-row-layout-id2815_9f3301-cf alignnone wp-block-kadence-rowlayout\"><div class=\"kt-row-column-wrap kt-has-1-columns kt-row-layout-equal kt-tab-layout-inherit kt-mobile-layout-row kt-row-valign-top kb-theme-content-width\">\n<style>.kadence-column2815_c51c2a-87 > .kt-inside-inner-col,.kadence-column2815_c51c2a-87 > .kt-inside-inner-col:before{border-top-left-radius:0px;border-top-right-radius:0px;border-bottom-right-radius:0px;border-bottom-left-radius:0px;}.kadence-column2815_c51c2a-87 > .kt-inside-inner-col{column-gap:var(--global-kb-gap-sm, 1rem);}.kadence-column2815_c51c2a-87 > .kt-inside-inner-col{flex-direction:column;}.kadence-column2815_c51c2a-87 > .kt-inside-inner-col > .aligncenter{width:100%;}.kadence-column2815_c51c2a-87 > .kt-inside-inner-col:before{opacity:0.3;}.kadence-column2815_c51c2a-87{position:relative;}@media all and (max-width: 1024px){.kadence-column2815_c51c2a-87 > .kt-inside-inner-col{flex-direction:column;justify-content:center;}}@media all and (max-width: 767px){.kadence-column2815_c51c2a-87 > .kt-inside-inner-col{flex-direction:column;justify-content:center;}}<\/style>\n<div class=\"wp-block-kadence-column kadence-column2815_c51c2a-87 inner-column-1\"><div class=\"kt-inside-inner-col\"><style>.wp-block-kadence-advancedheading.kt-adv-heading2815_2f4f13-5a, .wp-block-kadence-advancedheading.kt-adv-heading2815_2f4f13-5a[data-kb-block=\"kb-adv-heading2815_2f4f13-5a\"]{margin-bottom:20px;text-align:center;font-size:var(--global-kb-font-size-xl, 3rem);line-height:70px;font-style:normal;font-family:var( --global-heading-font-family, inherit );}.wp-block-kadence-advancedheading.kt-adv-heading2815_2f4f13-5a mark.kt-highlight, .wp-block-kadence-advancedheading.kt-adv-heading2815_2f4f13-5a[data-kb-block=\"kb-adv-heading2815_2f4f13-5a\"] mark.kt-highlight{font-style:normal;color:#f76a0c;-webkit-box-decoration-break:clone;box-decoration-break:clone;padding-top:0px;padding-right:0px;padding-bottom:0px;padding-left:0px;}.wp-block-kadence-advancedheading.kt-adv-heading2815_2f4f13-5a img.kb-inline-image, .wp-block-kadence-advancedheading.kt-adv-heading2815_2f4f13-5a[data-kb-block=\"kb-adv-heading2815_2f4f13-5a\"] img.kb-inline-image{width:150px;vertical-align:baseline;}@media all and (max-width: 1024px){.wp-block-kadence-advancedheading.kt-adv-heading2815_2f4f13-5a, .wp-block-kadence-advancedheading.kt-adv-heading2815_2f4f13-5a[data-kb-block=\"kb-adv-heading2815_2f4f13-5a\"]{font-size:55px;}}@media all and (max-width: 767px){.wp-block-kadence-advancedheading.kt-adv-heading2815_2f4f13-5a, .wp-block-kadence-advancedheading.kt-adv-heading2815_2f4f13-5a[data-kb-block=\"kb-adv-heading2815_2f4f13-5a\"]{font-size:var(--global-kb-font-size-xl, 3rem);line-height:40px;}}<\/style>\n<h2 class=\"kt-adv-heading2815_2f4f13-5a wp-block-kadence-advancedheading\" data-kb-block=\"kb-adv-heading2815_2f4f13-5a\">Pol\u00edtica de privacidad<\/h2>\n<\/div><\/div>\n\n<\/div><\/div><\/div><\/div>\n\n\n<style>.kadence-column2815_6ed6d6-ba > .kt-inside-inner-col,.kadence-column2815_6ed6d6-ba > .kt-inside-inner-col:before{border-top-left-radius:0px;border-top-right-radius:0px;border-bottom-right-radius:0px;border-bottom-left-radius:0px;}.kadence-column2815_6ed6d6-ba > .kt-inside-inner-col{column-gap:var(--global-kb-gap-sm, 1rem);}.kadence-column2815_6ed6d6-ba > .kt-inside-inner-col{flex-direction:column;}.kadence-column2815_6ed6d6-ba > .kt-inside-inner-col > .aligncenter{width:100%;}.kadence-column2815_6ed6d6-ba > .kt-inside-inner-col:before{opacity:0.3;}.kadence-column2815_6ed6d6-ba{position:relative;}@media all and (max-width: 1024px){.kadence-column2815_6ed6d6-ba > .kt-inside-inner-col{flex-direction:column;justify-content:center;}}@media all and (max-width: 767px){.kadence-column2815_6ed6d6-ba > .kt-inside-inner-col{flex-direction:column;justify-content:center;}}<\/style>\n<div class=\"wp-block-kadence-column kadence-column2815_6ed6d6-ba\"><div class=\"kt-inside-inner-col\"><style>.wp-block-kadence-advancedheading.kt-adv-heading2815_260411-92, .wp-block-kadence-advancedheading.kt-adv-heading2815_260411-92[data-kb-block=\"kb-adv-heading2815_260411-92\"]{font-size:17px;line-height:1.5;font-style:normal;font-family:var( --global-body-font-family, inherit );}.wp-block-kadence-advancedheading.kt-adv-heading2815_260411-92 mark.kt-highlight, .wp-block-kadence-advancedheading.kt-adv-heading2815_260411-92[data-kb-block=\"kb-adv-heading2815_260411-92\"] mark.kt-highlight{font-style:normal;color:#f76a0c;-webkit-box-decoration-break:clone;box-decoration-break:clone;padding-top:0px;padding-right:0px;padding-bottom:0px;padding-left:0px;}.wp-block-kadence-advancedheading.kt-adv-heading2815_260411-92 img.kb-inline-image, .wp-block-kadence-advancedheading.kt-adv-heading2815_260411-92[data-kb-block=\"kb-adv-heading2815_260411-92\"] img.kb-inline-image{width:150px;vertical-align:baseline;}<\/style>\n<h4 class=\"kt-adv-heading2815_260411-92 wp-block-kadence-advancedheading\" data-kb-block=\"kb-adv-heading2815_260411-92\"><strong>1. Responsable del tratamiento de datos<\/strong><br>Nos comprometemos a proteger la privacidad de nuestros usuarios y a garantizar la seguridad de los datos personales que se recopilan a trav\u00e9s de este sitio web, de conformidad con el Reglamento General de Protecci\u00f3n de Datos (RGPD) y la Ley de Servicios de la Sociedad de la Informaci\u00f3n (LSSI-CE). Le informamos que CESAR DAVID GARCIA GARZA, con direcci\u00f3n profesional en Cam\u00ed de la Vileta 30, 07011 Palma de Mallorca, Espa\u00f1a; y NIF: Y3466759Y (en adelante, \u201cRinoplastica.es\u00bb) es el responsable del tratamiento de sus datos personales. Se le facilita en la presente pol\u00edtica la informaci\u00f3n sobre el uso que se realizar\u00e1 sobre sus datos personales como usuario de la p\u00e1gina web \u201crinoplastica.es\u201d.<br>&nbsp;<br><strong>2. Datos que recopilamos<\/strong><br>En este sitio web podemos recopilar los siguientes datos personales:<br>Informaci\u00f3n que nos facilita el mismo cliente al contactarnos por tel\u00e9fono, correo electr\u00f3nico o formularios en el sitio web. Estos datos pueden incluir, por ejemplo, su nombre, correo electr\u00f3nico, n\u00famero de tel\u00e9fono, domicilio o antecedentes.<br>Datos que recogen autom\u00e1ticamente el sitio web, servicio de hosting y otros sistemas como es la Direcci\u00f3n IP y datos de navegaci\u00f3n (mediante cookies).<br>&nbsp;<br><strong>3. Finalidad del tratamiento de datos<\/strong><br>Los datos se recopilan con las siguientes finalidades:<br>Atender solicitudes de informaci\u00f3n o contacto enviadas por el usuario.<br>Responder consultas relacionadas con los servicios ofrecidos.<br>Env\u00edo de contenido informativo de inter\u00e9s para el usuario, incluyendo comunicaci\u00f3n comercial solicitada por el usuario.<br>Cumplir nuestras obligaciones legales y normativas al igual que emprender y\/o defender acciones legales.<br>En situaciones excepcionales se nos puede exigir por ley que revelemos su informaci\u00f3n personal.<br>Mejorar la navegaci\u00f3n y la experiencia del usuario en la web mediante cookies t\u00e9cnicas o anal\u00edticas.<br>&nbsp;<br><strong>4. Legitimaci\u00f3n<\/strong><br>La base legal para el tratamiento de tus datos es tu consentimiento expreso, otorgado al completar cualquier formulario de contacto y aceptar esta pol\u00edtica.<br>&nbsp;<br><strong>5. Destinatarios<\/strong><br>Tus datos no se ceder\u00e1n a terceros, salvo por obligaci\u00f3n legal o si es necesario para la prestaci\u00f3n del servicio (por ejemplo, servicios de hosting web que act\u00faan como encargados del tratamiento).<br>&nbsp;<br><strong>6. Derechos del usuario<\/strong><br>Puedes ejercer los siguientes derechos en cualquier momento:<br>Acceso a tus datos personales<br>Rectificaci\u00f3n de datos inexactos o incompletos<br>Supresi\u00f3n de tus datos<br>Oposici\u00f3n al tratamiento de tus datos<br>Limitaci\u00f3n del tratamiento<br>Portabilidad de los datos<br>Para ejercer estos derechos, puedes enviar un correo electr\u00f3nico a:&nbsp;info@rinoplastica.es, indicando tu solicitud y adjuntando una copia de tu DNI o documento equivalente.<br>&nbsp;<br><strong>7. Conservaci\u00f3n de los datos<\/strong><br>Los datos personales se conservar\u00e1n el tiempo estrictamente necesario para cumplir con la finalidad para la que se recabaron o mientras exista una relaci\u00f3n comercial. Posteriormente, se eliminar\u00e1n conforme a la normativa aplicable.<br><strong>&nbsp;<\/strong><br><strong>8. Cookies<\/strong><br>Este sitio web puede utilizar cookies propias y de terceros para mejorar la experiencia de usuario y realizar an\u00e1lisis estad\u00edsticos del uso del sitio. Puedes obtener m\u00e1s informaci\u00f3n en nuestra Pol\u00edtica de Cookies.<br>&nbsp;<br><strong>9. Cambios en la pol\u00edtica de privacidad<\/strong><br>Nos reservamos el derecho a modificar esta Pol\u00edtica de Privacidad para adaptarla a novedades legislativas o jurisprudenciales. Recomendamos revisarla peri\u00f3dicamente.<\/h4>\n<\/div><\/div>\n\n<\/div><\/div>\n\n\n<p><\/p>\n","protected":false},"excerpt":{"rendered":"<p>Pol\u00edtica de privacidad 1. Responsable del tratamiento de datosNos comprometemos a proteger la privacidad de nuestros usuarios y a garantizar la seguridad de los datos personales que se recopilan a trav\u00e9s de este sitio web, de conformidad con el Reglamento General de Protecci\u00f3n de Datos (RGPD) y la Ley de Servicios de la Sociedad de&#8230;<\/p>","protected":false},"author":1,"featured_media":0,"parent":0,"menu_order":0,"comment_status":"closed","ping_status":"closed","template":"","meta":{"_kadence_starter_templates_imported_post":false,"_kad_post_transparent":"","_kad_post_title":"default","_kad_post_layout":"fullwidth","_kad_post_sidebar_id":"","_kad_post_content_style":"boxed","_kad_post_vertical_padding":"","_kad_post_feature":"","_kad_post_feature_position":"","_kad_post_header":false,"_kad_post_footer":false,"_kad_post_classname":"","footnotes":""},"class_list":["post-2815","page","type-page","status-publish","hentry"],"_links":{"self":[{"href":"https:\/\/rinoplastica.es\/en\/wp-json\/wp\/v2\/pages\/2815","targetHints":{"allow":["GET"]}}],"collection":[{"href":"https:\/\/rinoplastica.es\/en\/wp-json\/wp\/v2\/pages"}],"about":[{"href":"https:\/\/rinoplastica.es\/en\/wp-json\/wp\/v2\/types\/page"}],"author":[{"embeddable":true,"href":"https:\/\/rinoplastica.es\/en\/wp-json\/wp\/v2\/users\/1"}],"replies":[{"embeddable":true,"href":"https:\/\/rinoplastica.es\/en\/wp-json\/wp\/v2\/comments?post=2815"}],"version-history":[{"count":15,"href":"https:\/\/rinoplastica.es\/en\/wp-json\/wp\/v2\/pages\/2815\/revisions"}],"predecessor-version":[{"id":2965,"href":"https:\/\/rinoplastica.es\/en\/wp-json\/wp\/v2\/pages\/2815\/revisions\/2965"}],"wp:attachment":[{"href":"https:\/\/rinoplastica.es\/en\/wp-json\/wp\/v2\/media?parent=2815"}],"curies":[{"name":"wp","href":"https:\/\/api.w.org\/{rel}","templated":true}]}}